{"id":36617,"date":"2025-03-21T14:47:43","date_gmt":"2025-03-21T19:47:43","guid":{"rendered":"https:\/\/fulbright.edu.co\/about-us\/board-of-directors\/"},"modified":"2026-03-26T18:20:14","modified_gmt":"2026-03-26T23:20:14","slug":"board-of-directors","status":"publish","type":"page","link":"https:\/\/fulbright.edu.co\/en\/about-us\/board-of-directors\/","title":{"rendered":"Board of Directors"},"content":{"rendered":"\n<style type=\"text\/css\" data-created_by=\"avia_inline_auto\" id=\"style-css-av-m8hju5pb-34ec0bf3786a560db7971d902d9fa20d\">\n.avia-section.av-m8hju5pb-34ec0bf3786a560db7971d902d9fa20d{\nbackground-color:#0078c8;\nbackground-image:url(https:\/\/fulbright.edu.co\/wp-content\/uploads\/2025\/04\/2.-Quienes-Somos-HORIZONTAL.webp);\nbackground-repeat:no-repeat;\nbackground-position:50% 50%;\nbackground-attachment:scroll;\n}\n<\/style>\n<div id='av_section_1'  class='avia-section av-m8hju5pb-34ec0bf3786a560db7971d902d9fa20d main_color avia-section-default avia-no-border-styling  avia-builder-el-0  el_before_av_one_third  avia-builder-el-first  avia-full-stretch avia-bg-style-scroll av-minimum-height av-minimum-height-25 av-height-25  container_wrap fullsize'  data-section-bg-repeat='stretch' data-av_minimum_height_pc='25' data-av_min_height_opt='25'><div class='container av-section-cont-open' ><main  role=\"main\" itemprop=\"mainContentOfPage\"  class='template-page content  av-content-full alpha units'><div class='post-entry post-entry-type-page post-entry-36617'><div class='entry-content-wrapper clearfix'>\n\n<style type=\"text\/css\" data-created_by=\"avia_inline_auto\" id=\"style-css-av-m8hjt23b-5a95706949c3d52f66edf090ba7527b8\">\n#top .av-special-heading.av-m8hjt23b-5a95706949c3d52f66edf090ba7527b8{\npadding-bottom:10px;\ncolor:#ffffff;\nfont-size:50px;\n}\nbody .av-special-heading.av-m8hjt23b-5a95706949c3d52f66edf090ba7527b8 .av-special-heading-tag .heading-char{\nfont-size:25px;\n}\n#top #wrap_all .av-special-heading.av-m8hjt23b-5a95706949c3d52f66edf090ba7527b8 .av-special-heading-tag{\nfont-size:50px;\n}\n.av-special-heading.av-m8hjt23b-5a95706949c3d52f66edf090ba7527b8 .special-heading-inner-border{\nborder-color:#ffffff;\n}\n.av-special-heading.av-m8hjt23b-5a95706949c3d52f66edf090ba7527b8 .av-subheading{\nfont-size:24px;\n}\n\n@media only screen and (min-width: 480px) and (max-width: 767px){ \n#top #wrap_all .av-special-heading.av-m8hjt23b-5a95706949c3d52f66edf090ba7527b8 .av-special-heading-tag{\nfont-size:0.8em;\n}\n}\n\n@media only screen and (max-width: 479px){ \n#top #wrap_all .av-special-heading.av-m8hjt23b-5a95706949c3d52f66edf090ba7527b8 .av-special-heading-tag{\nfont-size:0.8em;\n}\n}\n<\/style>\n<div  class='av-special-heading av-m8hjt23b-5a95706949c3d52f66edf090ba7527b8 av-special-heading-h2 custom-color-heading blockquote modern-quote modern-centered  avia-builder-el-1  avia-builder-el-no-sibling  av-inherit-size'><h2 class='av-special-heading-tag '  itemprop=\"headline\"  >Board of Directors<\/h2><div class=\"special-heading-border\"><div class=\"special-heading-inner-border\"><\/div><\/div><\/div>\n<\/div><\/div><\/main><!-- close content main element --><\/div><\/div><div id='after_section_1'  class='main_color av_default_container_wrap container_wrap fullsize'  ><div class='container av-section-cont-open' ><div class='template-page content  av-content-full alpha units'><div class='post-entry post-entry-type-page post-entry-36617'><div class='entry-content-wrapper clearfix'>\n<div class='flex_column_table av-2t44zx-51d62efdc24f822802582154dd77839b sc-av_one_third av-equal-height-column-flextable'>\n<style type=\"text\/css\" data-created_by=\"avia_inline_auto\" id=\"style-css-av-2t44zx-51d62efdc24f822802582154dd77839b\">\n.flex_column.av-2t44zx-51d62efdc24f822802582154dd77839b{\npadding:20px 20px 20px 20px;\n}\n<\/style>\n<div  class='flex_column av-2t44zx-51d62efdc24f822802582154dd77839b av_one_third  avia-builder-el-2  el_after_av_section  el_before_av_one_third  avia-builder-el-first  first flex_column_table_cell av-equal-height-column av-align-middle  '     ><p>\n<style type=\"text\/css\" data-created_by=\"avia_inline_auto\" id=\"style-css-av-mi7gtdoh-38cd4122af1571bdd022903014ff0e71\">\n.avia-image-container.av-mi7gtdoh-38cd4122af1571bdd022903014ff0e71 img.avia_image{\nbox-shadow:none;\n}\n.avia-image-container.av-mi7gtdoh-38cd4122af1571bdd022903014ff0e71 .av-image-caption-overlay-center{\ncolor:#ffffff;\n}\n<\/style>\n<div  class='avia-image-container av-mi7gtdoh-38cd4122af1571bdd022903014ff0e71 av-styling- avia-align-center  avia-builder-el-3  el_before_av_heading  avia-builder-el-first '   itemprop=\"image\" itemscope=\"itemscope\" itemtype=\"https:\/\/schema.org\/ImageObject\" ><div class=\"avia-image-container-inner\"><div class=\"avia-image-overlay-wrap\"><img decoding=\"async\" fetchpriority=\"high\" class='wp-image-37057 avia-img-lazy-loading-not-37057 avia_image ' src=\"https:\/\/fulbright.edu.co\/wp-content\/uploads\/2025\/11\/Steward-Tuttle.webp\" alt='' title='Steward Tuttle'  height=\"1080\" width=\"1080\"  itemprop=\"thumbnailUrl\" srcset=\"https:\/\/fulbright.edu.co\/wp-content\/uploads\/2025\/11\/Steward-Tuttle.webp 1080w, https:\/\/fulbright.edu.co\/wp-content\/uploads\/2025\/11\/Steward-Tuttle-300x300.webp 300w, https:\/\/fulbright.edu.co\/wp-content\/uploads\/2025\/11\/Steward-Tuttle-1030x1030.webp 1030w, https:\/\/fulbright.edu.co\/wp-content\/uploads\/2025\/11\/Steward-Tuttle-80x80.webp 80w, https:\/\/fulbright.edu.co\/wp-content\/uploads\/2025\/11\/Steward-Tuttle-768x768.webp 768w, https:\/\/fulbright.edu.co\/wp-content\/uploads\/2025\/11\/Steward-Tuttle-36x36.webp 36w, https:\/\/fulbright.edu.co\/wp-content\/uploads\/2025\/11\/Steward-Tuttle-180x180.webp 180w, https:\/\/fulbright.edu.co\/wp-content\/uploads\/2025\/11\/Steward-Tuttle-705x705.webp 705w\" sizes=\"(max-width: 1080px) 100vw, 1080px\" \/><\/div><\/div><\/div><br \/>\n\n<style type=\"text\/css\" data-created_by=\"avia_inline_auto\" id=\"style-css-av-mi7gr2ew-e6c1b804681e0e50a8cc385a130f183c\">\n#top .av-special-heading.av-mi7gr2ew-e6c1b804681e0e50a8cc385a130f183c{\npadding-bottom:10px;\n}\nbody .av-special-heading.av-mi7gr2ew-e6c1b804681e0e50a8cc385a130f183c .av-special-heading-tag .heading-char{\nfont-size:25px;\n}\n.av-special-heading.av-mi7gr2ew-e6c1b804681e0e50a8cc385a130f183c .av-subheading{\nfont-size:15px;\n}\n<\/style>\n<div  class='av-special-heading av-mi7gr2ew-e6c1b804681e0e50a8cc385a130f183c av-special-heading-h3 blockquote modern-quote modern-centered  avia-builder-el-4  el_after_av_image  avia-builder-el-last '><h3 class='av-special-heading-tag '  itemprop=\"headline\"  >Stewart Tuttle<\/h3><div class='av-subheading av-subheading_below'><p>Chair, Public Affairs Officer<br \/>\nEmbassy of the United States in Colombia<\/p>\n<\/div><div class=\"special-heading-border\"><div class=\"special-heading-inner-border\"><\/div><\/div><\/div><\/p><\/div>\n<div class='av-flex-placeholder'><\/div>\n<style type=\"text\/css\" data-created_by=\"avia_inline_auto\" id=\"style-css-av-4sk1-359866b3b83c4f83537d4dde592e5776\">\n.flex_column.av-4sk1-359866b3b83c4f83537d4dde592e5776{\npadding:20px 20px 20px 20px;\n}\n<\/style>\n<div  class='flex_column av-4sk1-359866b3b83c4f83537d4dde592e5776 av_one_third  avia-builder-el-5  el_after_av_one_third  el_before_av_one_third  flex_column_table_cell av-equal-height-column av-align-middle  '     ><p>\n<style type=\"text\/css\" data-created_by=\"avia_inline_auto\" id=\"style-css-av-m8izg1gs-75413290e3f06ab6fa3e5720063213ae\">\n.avia-image-container.av-m8izg1gs-75413290e3f06ab6fa3e5720063213ae img.avia_image{\nbox-shadow:none;\n}\n.avia-image-container.av-m8izg1gs-75413290e3f06ab6fa3e5720063213ae .av-image-caption-overlay-center{\ncolor:#ffffff;\n}\n<\/style>\n<div  class='avia-image-container av-m8izg1gs-75413290e3f06ab6fa3e5720063213ae av-styling- avia-align-center  avia-builder-el-6  el_before_av_heading  avia-builder-el-first '   itemprop=\"image\" itemscope=\"itemscope\" itemtype=\"https:\/\/schema.org\/ImageObject\" ><div class=\"avia-image-container-inner\"><div class=\"avia-image-overlay-wrap\"><img decoding=\"async\" fetchpriority=\"high\" class='wp-image-37552 avia-img-lazy-loading-not-37552 avia_image ' src=\"https:\/\/fulbright.edu.co\/wp-content\/uploads\/2026\/02\/Maria-Angelica-Garcia.jpeg\" alt='' title='Mar\u00eda Ang\u00e9lica Garc\u00eda'  height=\"800\" width=\"800\"  itemprop=\"thumbnailUrl\" srcset=\"https:\/\/fulbright.edu.co\/wp-content\/uploads\/2026\/02\/Maria-Angelica-Garcia.jpeg 800w, https:\/\/fulbright.edu.co\/wp-content\/uploads\/2026\/02\/Maria-Angelica-Garcia-300x300.jpeg 300w, https:\/\/fulbright.edu.co\/wp-content\/uploads\/2026\/02\/Maria-Angelica-Garcia-80x80.jpeg 80w, https:\/\/fulbright.edu.co\/wp-content\/uploads\/2026\/02\/Maria-Angelica-Garcia-768x768.jpeg 768w, https:\/\/fulbright.edu.co\/wp-content\/uploads\/2026\/02\/Maria-Angelica-Garcia-36x36.jpeg 36w, https:\/\/fulbright.edu.co\/wp-content\/uploads\/2026\/02\/Maria-Angelica-Garcia-180x180.jpeg 180w, https:\/\/fulbright.edu.co\/wp-content\/uploads\/2026\/02\/Maria-Angelica-Garcia-705x705.jpeg 705w\" sizes=\"(max-width: 800px) 100vw, 800px\" \/><\/div><\/div><\/div><br \/>\n\n<style type=\"text\/css\" data-created_by=\"avia_inline_auto\" id=\"style-css-av-m8j6pfy7-c1d515d4ffeafd544d86a1874b784ecf\">\n#top .av-special-heading.av-m8j6pfy7-c1d515d4ffeafd544d86a1874b784ecf{\npadding-bottom:10px;\n}\nbody .av-special-heading.av-m8j6pfy7-c1d515d4ffeafd544d86a1874b784ecf .av-special-heading-tag .heading-char{\nfont-size:25px;\n}\n.av-special-heading.av-m8j6pfy7-c1d515d4ffeafd544d86a1874b784ecf .av-subheading{\nfont-size:15px;\n}\n<\/style>\n<div  class='av-special-heading av-m8j6pfy7-c1d515d4ffeafd544d86a1874b784ecf av-special-heading-h3 blockquote modern-quote modern-centered  avia-builder-el-7  el_after_av_image  avia-builder-el-last '><h3 class='av-special-heading-tag '  itemprop=\"headline\"  >Mar\u00eda Ang\u00e9lica Garc\u00eda<\/h3><div class='av-subheading av-subheading_below'><p>Director of Cultural Affairs,<br \/>\nColombian Ministry of Foreign Affairs.<\/p>\n<\/div><div class=\"special-heading-border\"><div class=\"special-heading-inner-border\"><\/div><\/div><\/div><\/p><\/div>\n<div class='av-flex-placeholder'><\/div>\n<style type=\"text\/css\" data-created_by=\"avia_inline_auto\" id=\"style-css-av-1p6luy5-2fab59bdf0f0548b9785a11b8388a4e0\">\n.flex_column.av-1p6luy5-2fab59bdf0f0548b9785a11b8388a4e0{\npadding:20px 20px 20px 20px;\n}\n<\/style>\n<div  class='flex_column av-1p6luy5-2fab59bdf0f0548b9785a11b8388a4e0 av_one_third  avia-builder-el-8  el_after_av_one_third  el_before_av_one_third  flex_column_table_cell av-equal-height-column av-align-middle  '     ><p>\n<style type=\"text\/css\" data-created_by=\"avia_inline_auto\" id=\"style-css-av-18dvvt9-50e4059eeafcaf9a8f17202e40e7d08d\">\n.avia-image-container.av-18dvvt9-50e4059eeafcaf9a8f17202e40e7d08d img.avia_image{\nbox-shadow:none;\n}\n.avia-image-container.av-18dvvt9-50e4059eeafcaf9a8f17202e40e7d08d .av-image-caption-overlay-center{\ncolor:#ffffff;\n}\n<\/style>\n<div  class='avia-image-container av-18dvvt9-50e4059eeafcaf9a8f17202e40e7d08d av-styling- avia-align-center  avia-builder-el-9  el_before_av_heading  avia-builder-el-first '   itemprop=\"image\" itemscope=\"itemscope\" itemtype=\"https:\/\/schema.org\/ImageObject\" ><div class=\"avia-image-container-inner\"><div class=\"avia-image-overlay-wrap\"><img decoding=\"async\" fetchpriority=\"high\" class='wp-image-35706 avia-img-lazy-loading-not-35706 avia_image ' src=\"https:\/\/fulbright.edu.co\/wp-content\/uploads\/2025\/07\/Adam-J-Lenert.webp\" alt='' title='Adam J Lenert'  height=\"1080\" width=\"1080\"  itemprop=\"thumbnailUrl\" srcset=\"https:\/\/fulbright.edu.co\/wp-content\/uploads\/2025\/07\/Adam-J-Lenert.webp 1080w, https:\/\/fulbright.edu.co\/wp-content\/uploads\/2025\/07\/Adam-J-Lenert-300x300.webp 300w, https:\/\/fulbright.edu.co\/wp-content\/uploads\/2025\/07\/Adam-J-Lenert-1030x1030.webp 1030w, https:\/\/fulbright.edu.co\/wp-content\/uploads\/2025\/07\/Adam-J-Lenert-80x80.webp 80w, https:\/\/fulbright.edu.co\/wp-content\/uploads\/2025\/07\/Adam-J-Lenert-768x768.webp 768w, https:\/\/fulbright.edu.co\/wp-content\/uploads\/2025\/07\/Adam-J-Lenert-36x36.webp 36w, https:\/\/fulbright.edu.co\/wp-content\/uploads\/2025\/07\/Adam-J-Lenert-180x180.webp 180w, https:\/\/fulbright.edu.co\/wp-content\/uploads\/2025\/07\/Adam-J-Lenert-705x705.webp 705w\" sizes=\"(max-width: 1080px) 100vw, 1080px\" \/><\/div><\/div><\/div><br \/>\n\n<style type=\"text\/css\" data-created_by=\"avia_inline_auto\" id=\"style-css-av-wb55vx-4602a4316b1dfb7290c8804e5e1aaa36\">\n#top .av-special-heading.av-wb55vx-4602a4316b1dfb7290c8804e5e1aaa36{\npadding-bottom:10px;\n}\nbody .av-special-heading.av-wb55vx-4602a4316b1dfb7290c8804e5e1aaa36 .av-special-heading-tag .heading-char{\nfont-size:25px;\n}\n.av-special-heading.av-wb55vx-4602a4316b1dfb7290c8804e5e1aaa36 .av-subheading{\nfont-size:15px;\n}\n<\/style>\n<div  class='av-special-heading av-wb55vx-4602a4316b1dfb7290c8804e5e1aaa36 av-special-heading-h3 blockquote modern-quote modern-centered  avia-builder-el-10  el_after_av_image  avia-builder-el-last '><h3 class='av-special-heading-tag '  itemprop=\"headline\"  >Adam J. Lenert<\/h3><div class='av-subheading av-subheading_below'><p>Cultural Affairs Officer, Embassy of the United States in Colombia<\/p>\n<\/div><div class=\"special-heading-border\"><div class=\"special-heading-inner-border\"><\/div><\/div><\/div><\/p><\/div><\/div><!--close column table wrapper. Autoclose: 1 -->\n<div class='flex_column_table av-11e3o31-6341d761561c334c96ffad6855afa244 sc-av_one_third av-equal-height-column-flextable'>\n<style type=\"text\/css\" data-created_by=\"avia_inline_auto\" id=\"style-css-av-11e3o31-6341d761561c334c96ffad6855afa244\">\n.flex_column.av-11e3o31-6341d761561c334c96ffad6855afa244{\npadding:20px 20px 20px 20px;\n}\n<\/style>\n<div  class='flex_column av-11e3o31-6341d761561c334c96ffad6855afa244 av_one_third  avia-builder-el-11  el_after_av_one_third  el_before_av_one_third  first flex_column_table_cell av-equal-height-column av-align-top  column-top-margin'     ><p>\n<style type=\"text\/css\" data-created_by=\"avia_inline_auto\" id=\"style-css-av-m8j6xygr-19e5bcfb341458b53c6f658d35dc58a3\">\n.avia-image-container.av-m8j6xygr-19e5bcfb341458b53c6f658d35dc58a3 img.avia_image{\nbox-shadow:none;\n}\n.avia-image-container.av-m8j6xygr-19e5bcfb341458b53c6f658d35dc58a3 .av-image-caption-overlay-center{\ncolor:#ffffff;\n}\n<\/style>\n<div  class='avia-image-container av-m8j6xygr-19e5bcfb341458b53c6f658d35dc58a3 av-styling- avia-align-center  avia-builder-el-12  el_before_av_heading  avia-builder-el-first '   itemprop=\"image\" itemscope=\"itemscope\" itemtype=\"https:\/\/schema.org\/ImageObject\" ><div class=\"avia-image-container-inner\"><div class=\"avia-image-overlay-wrap\"><img decoding=\"async\" fetchpriority=\"high\" class='wp-image-37815 avia-img-lazy-loading-not-37815 avia_image ' src=\"https:\/\/fulbright.edu.co\/wp-content\/uploads\/2026\/03\/GDB-Headshot-Formal-300x300.png\" alt='' title='GDB Headshot Formal'  height=\"300\" width=\"300\"  itemprop=\"thumbnailUrl\" srcset=\"https:\/\/fulbright.edu.co\/wp-content\/uploads\/2026\/03\/GDB-Headshot-Formal-300x300.png 300w, https:\/\/fulbright.edu.co\/wp-content\/uploads\/2026\/03\/GDB-Headshot-Formal-80x80.png 80w, https:\/\/fulbright.edu.co\/wp-content\/uploads\/2026\/03\/GDB-Headshot-Formal-768x768.png 768w, https:\/\/fulbright.edu.co\/wp-content\/uploads\/2026\/03\/GDB-Headshot-Formal-36x36.png 36w, https:\/\/fulbright.edu.co\/wp-content\/uploads\/2026\/03\/GDB-Headshot-Formal-180x180.png 180w, https:\/\/fulbright.edu.co\/wp-content\/uploads\/2026\/03\/GDB-Headshot-Formal-705x705.png 705w, https:\/\/fulbright.edu.co\/wp-content\/uploads\/2026\/03\/GDB-Headshot-Formal.png 1024w\" sizes=\"(max-width: 300px) 100vw, 300px\" \/><\/div><\/div><\/div><br \/>\n\n<style type=\"text\/css\" data-created_by=\"avia_inline_auto\" id=\"style-css-av-m8j6ybcn-0cd2d5458d6f0bcb2645f2d7233b004c\">\n#top .av-special-heading.av-m8j6ybcn-0cd2d5458d6f0bcb2645f2d7233b004c{\npadding-bottom:10px;\n}\nbody .av-special-heading.av-m8j6ybcn-0cd2d5458d6f0bcb2645f2d7233b004c .av-special-heading-tag .heading-char{\nfont-size:25px;\n}\n.av-special-heading.av-m8j6ybcn-0cd2d5458d6f0bcb2645f2d7233b004c .av-subheading{\nfont-size:15px;\n}\n<\/style>\n<div  class='av-special-heading av-m8j6ybcn-0cd2d5458d6f0bcb2645f2d7233b004c av-special-heading-h3 blockquote modern-quote modern-centered  avia-builder-el-13  el_after_av_image  avia-builder-el-last '><h3 class='av-special-heading-tag '  itemprop=\"headline\"  >Gregg Bauer<\/h3><div class='av-subheading av-subheading_below'><p>Managing Partner<br \/>\nScaleUp Lab<\/p>\n<\/div><div class=\"special-heading-border\"><div class=\"special-heading-inner-border\"><\/div><\/div><\/div><\/p><\/div><div class='av-flex-placeholder'><\/div>\n<style type=\"text\/css\" data-created_by=\"avia_inline_auto\" id=\"style-css-av-av_one_third-5579686adaddb1adf33e77870a0d442f\">\n.flex_column.av-av_one_third-5579686adaddb1adf33e77870a0d442f{\npadding:20px 20px 20px 20px;\n}\n<\/style>\n<div  class='flex_column av-av_one_third-5579686adaddb1adf33e77870a0d442f av_one_third  avia-builder-el-14  el_after_av_one_third  el_before_av_one_third  flex_column_table_cell av-equal-height-column av-align-top  column-top-margin'     ><p>\n<style type=\"text\/css\" data-created_by=\"avia_inline_auto\" id=\"style-css-av-av_image-d900fdd475d6a745ea9b9500c32cb960\">\n.avia-image-container.av-av_image-d900fdd475d6a745ea9b9500c32cb960 img.avia_image{\nbox-shadow:none;\n}\n.avia-image-container.av-av_image-d900fdd475d6a745ea9b9500c32cb960 .av-image-caption-overlay-center{\ncolor:#ffffff;\n}\n<\/style>\n<div  class='avia-image-container av-av_image-d900fdd475d6a745ea9b9500c32cb960 av-styling- avia-align-center  avia-builder-el-15  el_before_av_heading  avia-builder-el-first '   itemprop=\"image\" itemscope=\"itemscope\" itemtype=\"https:\/\/schema.org\/ImageObject\" ><div class=\"avia-image-container-inner\"><div class=\"avia-image-overlay-wrap\"><img decoding=\"async\" fetchpriority=\"high\" class='wp-image-35104 avia-img-lazy-loading-not-35104 avia_image ' src=\"https:\/\/fulbright.edu.co\/wp-content\/uploads\/2025\/03\/Liza-Hayes-Mathias.webp\" alt='' title='Liza Hayes Mathias'  height=\"1080\" width=\"1080\"  itemprop=\"thumbnailUrl\" srcset=\"https:\/\/fulbright.edu.co\/wp-content\/uploads\/2025\/03\/Liza-Hayes-Mathias.webp 1080w, https:\/\/fulbright.edu.co\/wp-content\/uploads\/2025\/03\/Liza-Hayes-Mathias-300x300.webp 300w, https:\/\/fulbright.edu.co\/wp-content\/uploads\/2025\/03\/Liza-Hayes-Mathias-1030x1030.webp 1030w, https:\/\/fulbright.edu.co\/wp-content\/uploads\/2025\/03\/Liza-Hayes-Mathias-80x80.webp 80w, https:\/\/fulbright.edu.co\/wp-content\/uploads\/2025\/03\/Liza-Hayes-Mathias-768x768.webp 768w, https:\/\/fulbright.edu.co\/wp-content\/uploads\/2025\/03\/Liza-Hayes-Mathias-36x36.webp 36w, https:\/\/fulbright.edu.co\/wp-content\/uploads\/2025\/03\/Liza-Hayes-Mathias-180x180.webp 180w, https:\/\/fulbright.edu.co\/wp-content\/uploads\/2025\/03\/Liza-Hayes-Mathias-705x705.webp 705w\" sizes=\"(max-width: 1080px) 100vw, 1080px\" \/><\/div><\/div><\/div><br \/>\n\n<style type=\"text\/css\" data-created_by=\"avia_inline_auto\" id=\"style-css-av-av_heading-46aba16e5cca49a5b11377ccea6e9af5\">\n#top .av-special-heading.av-av_heading-46aba16e5cca49a5b11377ccea6e9af5{\npadding-bottom:10px;\n}\nbody .av-special-heading.av-av_heading-46aba16e5cca49a5b11377ccea6e9af5 .av-special-heading-tag .heading-char{\nfont-size:25px;\n}\n.av-special-heading.av-av_heading-46aba16e5cca49a5b11377ccea6e9af5 .av-subheading{\nfont-size:15px;\n}\n<\/style>\n<div  class='av-special-heading av-av_heading-46aba16e5cca49a5b11377ccea6e9af5 av-special-heading-h3 blockquote modern-quote modern-centered  avia-builder-el-16  el_after_av_image  avia-builder-el-last '><h3 class='av-special-heading-tag '  itemprop=\"headline\"  >Lisa Hayes<\/h3><div class='av-subheading av-subheading_below'><p>Fulbrighter Afrodescendant Communities 2011<br \/>\nResearcher and statistician at the National Institute of Technical and Vocational Training \u2013 Infotep San Andr\u00e9s Islands<\/p>\n<\/div><div class=\"special-heading-border\"><div class=\"special-heading-inner-border\"><\/div><\/div><\/div><\/p><\/div><\/p>\n<div class='av-flex-placeholder'><\/div>\n<style type=\"text\/css\" data-created_by=\"avia_inline_auto\" id=\"style-css-av-2erlbh-c28f8effeffd5c7907499349a9d3eb4c\">\n.flex_column.av-2erlbh-c28f8effeffd5c7907499349a9d3eb4c{\npadding:20px 20px 20px 20px;\n}\n<\/style>\n<div  class='flex_column av-2erlbh-c28f8effeffd5c7907499349a9d3eb4c av_one_third  avia-builder-el-17  el_after_av_one_third  avia-builder-el-last  flex_column_table_cell av-equal-height-column av-align-top  column-top-margin'     ><\/div><\/div><!--close column table wrapper. Autoclose: 1 -->\n","protected":false},"excerpt":{"rendered":"","protected":false},"author":1,"featured_media":0,"parent":36520,"menu_order":0,"comment_status":"closed","ping_status":"closed","template":"","meta":{"_acf_changed":false,"footnotes":""},"class_list":["post-36617","page","type-page","status-publish","hentry"],"acf":[],"_links":{"self":[{"href":"https:\/\/fulbright.edu.co\/en\/wp-json\/wp\/v2\/pages\/36617","targetHints":{"allow":["GET"]}}],"collection":[{"href":"https:\/\/fulbright.edu.co\/en\/wp-json\/wp\/v2\/pages"}],"about":[{"href":"https:\/\/fulbright.edu.co\/en\/wp-json\/wp\/v2\/types\/page"}],"author":[{"embeddable":true,"href":"https:\/\/fulbright.edu.co\/en\/wp-json\/wp\/v2\/users\/1"}],"replies":[{"embeddable":true,"href":"https:\/\/fulbright.edu.co\/en\/wp-json\/wp\/v2\/comments?post=36617"}],"version-history":[{"count":14,"href":"https:\/\/fulbright.edu.co\/en\/wp-json\/wp\/v2\/pages\/36617\/revisions"}],"predecessor-version":[{"id":37817,"href":"https:\/\/fulbright.edu.co\/en\/wp-json\/wp\/v2\/pages\/36617\/revisions\/37817"}],"up":[{"embeddable":true,"href":"https:\/\/fulbright.edu.co\/en\/wp-json\/wp\/v2\/pages\/36520"}],"wp:attachment":[{"href":"https:\/\/fulbright.edu.co\/en\/wp-json\/wp\/v2\/media?parent=36617"}],"curies":[{"name":"wp","href":"https:\/\/api.w.org\/{rel}","templated":true}]}}